{"id":2041,"date":"2026-02-10T09:47:42","date_gmt":"2026-02-10T14:47:42","guid":{"rendered":"https:\/\/eaudubain.com\/site\/?page_id=2041"},"modified":"2026-02-10T09:56:13","modified_gmt":"2026-02-10T14:56:13","slug":"refaire-la-marguerite-equipe-de-creation","status":"publish","type":"page","link":"http:\/\/eaudubain.com\/site\/?page_id=2041","title":{"rendered":"Refaire la Marguerite"},"content":{"rendered":"\n<h1 class=\"has-text-align-center\">\u00c9quipe de cr\u00e9ation<\/h1>\n\n\n\n<p class=\"has-text-align-center\">Conception <\/p>\n\n\n\n<p class=\"has-text-align-center\"><strong>Anne-Marie Ouellet et Thomas Sinou<\/strong><\/p>\n\n\n\n<p class=\"has-text-align-center\">Avec <\/p>\n\n\n\n<p class=\"has-text-align-center\"><strong>Anne-Marie Ouellet, In\u00e8s Sinou, Jeanne Sinou et Thomas Sinou<\/strong><\/p>\n\n\n\n<p class=\"has-text-align-center\">Conseils dramaturgiques <\/p>\n\n\n\n<p class=\"has-text-align-center\"><strong>\u00c9milie Martz-Kuhn<\/strong><\/p>\n\n\n\n<p class=\"has-text-align-center\">Sc\u00e9nographie et costume <\/p>\n\n\n\n<p class=\"has-text-align-center\"><strong>Karine Galarneau<\/strong><\/p>\n\n\n\n<p class=\"has-text-align-center\">Lumi\u00e8re <\/p>\n\n\n\n<p class=\"has-text-align-center\"><strong>Nancy Bussi\u00e8res<\/strong><\/p>\n\n\n\n<p class=\"has-text-align-center\">Assistance \u00e0 la conception lumi\u00e8re <\/p>\n\n\n\n<p class=\"has-text-align-center\"><strong>Laura Dominguez<\/strong><\/p>\n\n\n\n<p class=\"has-text-align-center\">R\u00e9gie sonore <\/p>\n\n\n\n<p class=\"has-text-align-center\"><strong>Leigh Uttley<\/strong><\/p>\n\n\n\n<p class=\"has-text-align-center\">Assistance \u00e0 la mise en sc\u00e8ne <\/p>\n\n\n\n<p class=\"has-text-align-center\"><strong>Zackari Gosselin<\/strong><\/p>\n\n\n\n<p class=\"has-text-align-center\">Production <\/p>\n\n\n\n<p class=\"has-text-align-center\"><strong>L\u2019eau du bain<\/strong><\/p>\n\n\n\n<p class=\"has-text-align-center\">Direction technique <\/p>\n\n\n\n<p class=\"has-text-align-center\"><strong>Sophie St-Pierre<\/strong><\/p>\n\n\n\n<p class=\"has-text-align-center\">Collaboration artistique <\/p>\n\n\n\n<p class=\"has-text-align-center\"><strong>Emmanuel B\u00e9gin, Dalia Jaja, Charlotte Richer et Thiernault Jean Tourigny<\/strong><\/p>\n","protected":false},"excerpt":{"rendered":"<p>\u00c9quipe de cr\u00e9ation Conception Anne-Marie Ouellet et Thomas Sinou Avec Anne-Marie Ouellet, In\u00e8s Sinou, Jeanne Sinou et Thomas Sinou Conseils dramaturgiques \u00c9milie Martz-Kuhn Sc\u00e9nographie et costume Karine Galarneau Lumi\u00e8re Nancy Bussi\u00e8res Assistance \u00e0 la conception lumi\u00e8re Laura Dominguez R\u00e9gie sonore &hellip; <a href=\"http:\/\/eaudubain.com\/site\/?page_id=2041\">Continue reading <span class=\"meta-nav\">&rarr;<\/span><\/a><\/p>\n","protected":false},"author":1,"featured_media":0,"parent":2029,"menu_order":3,"comment_status":"closed","ping_status":"closed","template":"","meta":{"ngg_post_thumbnail":0},"_links":{"self":[{"href":"http:\/\/eaudubain.com\/site\/index.php?rest_route=\/wp\/v2\/pages\/2041"}],"collection":[{"href":"http:\/\/eaudubain.com\/site\/index.php?rest_route=\/wp\/v2\/pages"}],"about":[{"href":"http:\/\/eaudubain.com\/site\/index.php?rest_route=\/wp\/v2\/types\/page"}],"author":[{"embeddable":true,"href":"http:\/\/eaudubain.com\/site\/index.php?rest_route=\/wp\/v2\/users\/1"}],"replies":[{"embeddable":true,"href":"http:\/\/eaudubain.com\/site\/index.php?rest_route=%2Fwp%2Fv2%2Fcomments&post=2041"}],"version-history":[{"count":2,"href":"http:\/\/eaudubain.com\/site\/index.php?rest_route=\/wp\/v2\/pages\/2041\/revisions"}],"predecessor-version":[{"id":2063,"href":"http:\/\/eaudubain.com\/site\/index.php?rest_route=\/wp\/v2\/pages\/2041\/revisions\/2063"}],"up":[{"embeddable":true,"href":"http:\/\/eaudubain.com\/site\/index.php?rest_route=\/wp\/v2\/pages\/2029"}],"wp:attachment":[{"href":"http:\/\/eaudubain.com\/site\/index.php?rest_route=%2Fwp%2Fv2%2Fmedia&parent=2041"}],"curies":[{"name":"wp","href":"https:\/\/api.w.org\/{rel}","templated":true}]}}