{"id":1582,"date":"2022-06-16T08:49:38","date_gmt":"2022-06-16T12:49:38","guid":{"rendered":"http:\/\/eaudubain.com\/site\/?page_id=1582"},"modified":"2022-06-16T08:54:52","modified_gmt":"2022-06-16T12:54:52","slug":"credits","status":"publish","type":"page","link":"http:\/\/eaudubain.com\/site\/?page_id=1582","title":{"rendered":"White Out &#8211; Cr\u00e9dits"},"content":{"rendered":"\n<p style=\"text-align:left\"><strong>Texte et mise en sc\u00e8ne<\/strong>&nbsp;Anne-Marie Ouellet<br>\n<strong>Son<\/strong>&nbsp;Thomas Sinou<br>\n<strong>Lumi\u00e8res<\/strong>&nbsp;Nancy Bussi\u00e8res<br>\n<strong>Interpr\u00e9tation<\/strong>&nbsp;Anne-Marie Ouellet, LiCan-Marie Leduc, Charline\nSalesse Bergeron, Isaac Salesse Bergeron, Camille Schryburt&nbsp;Cellard et\nJeanne Sinou<br>\n<strong>Sc\u00e9nographie<\/strong>&nbsp;Simon Guilbault<strong><br>\nAccessoires et costumes&nbsp;<\/strong>Karine Galarneau<strong><br>\nDramaturgie&nbsp;<\/strong>\u00c9milie Martz-Kuhn<br>\n<strong>Assistance \u00e0 la mise en sc\u00e8ne<\/strong>&nbsp;Guillaume Saindon<strong><br>\nD\u00e9cor<\/strong>&nbsp;Simon Guilbeault<br>\n<strong>Conseils artistiques<\/strong>&nbsp;Clarisse Delatour, M\u00e9lanie Dumont et\nAnne-Marie Guilmaine<br>\n<strong>Concepteur g\u00e9n\u00e9ratif, d\u00e9veloppeur TouchDesigner<\/strong>&nbsp;Hugues Caill\u00e8res\/\nHUB Studio<\/p>\n\n\n\n<p><strong>R\u00e9gie<\/strong>\n\u00c9milie Camir\u00e9 Pecek et Zackari Gosselin<\/p>\n\n\n\n<p><strong>D\u00e9velopp\u00e9 avec le soutien de <\/strong>Fonds national de cr\u00e9ation du CNA, du Conseil\ndes arts et des lettres du Qu\u00e9bec, du Conseil des arts du Canada, du Th\u00e9\u00e2tre\nfran\u00e7ais du CNA, du D\u00e9partement de th\u00e9\u00e2tre de l\u2019Universit\u00e9 d\u2019Ottawa et\nd\u2019Hexagram-UQAM.<\/p>\n","protected":false},"excerpt":{"rendered":"<p>Texte et mise en sc\u00e8ne&nbsp;Anne-Marie Ouellet Son&nbsp;Thomas Sinou Lumi\u00e8res&nbsp;Nancy Bussi\u00e8res Interpr\u00e9tation&nbsp;Anne-Marie Ouellet, LiCan-Marie Leduc, Charline Salesse Bergeron, Isaac Salesse Bergeron, Camille Schryburt&nbsp;Cellard et Jeanne Sinou Sc\u00e9nographie&nbsp;Simon Guilbault Accessoires et costumes&nbsp;Karine Galarneau Dramaturgie&nbsp;\u00c9milie Martz-Kuhn Assistance \u00e0 la mise en sc\u00e8ne&nbsp;Guillaume Saindon &hellip; <a href=\"http:\/\/eaudubain.com\/site\/?page_id=1582\">Continue reading <span class=\"meta-nav\">&rarr;<\/span><\/a><\/p>\n","protected":false},"author":1,"featured_media":0,"parent":1381,"menu_order":0,"comment_status":"closed","ping_status":"closed","template":"","meta":{"ngg_post_thumbnail":0},"_links":{"self":[{"href":"http:\/\/eaudubain.com\/site\/index.php?rest_route=\/wp\/v2\/pages\/1582"}],"collection":[{"href":"http:\/\/eaudubain.com\/site\/index.php?rest_route=\/wp\/v2\/pages"}],"about":[{"href":"http:\/\/eaudubain.com\/site\/index.php?rest_route=\/wp\/v2\/types\/page"}],"author":[{"embeddable":true,"href":"http:\/\/eaudubain.com\/site\/index.php?rest_route=\/wp\/v2\/users\/1"}],"replies":[{"embeddable":true,"href":"http:\/\/eaudubain.com\/site\/index.php?rest_route=%2Fwp%2Fv2%2Fcomments&post=1582"}],"version-history":[{"count":2,"href":"http:\/\/eaudubain.com\/site\/index.php?rest_route=\/wp\/v2\/pages\/1582\/revisions"}],"predecessor-version":[{"id":1588,"href":"http:\/\/eaudubain.com\/site\/index.php?rest_route=\/wp\/v2\/pages\/1582\/revisions\/1588"}],"up":[{"embeddable":true,"href":"http:\/\/eaudubain.com\/site\/index.php?rest_route=\/wp\/v2\/pages\/1381"}],"wp:attachment":[{"href":"http:\/\/eaudubain.com\/site\/index.php?rest_route=%2Fwp%2Fv2%2Fmedia&parent=1582"}],"curies":[{"name":"wp","href":"https:\/\/api.w.org\/{rel}","templated":true}]}}